{"id":1224,"date":"2023-01-25T20:19:49","date_gmt":"2023-01-25T19:19:49","guid":{"rendered":"http:\/\/shetlandsdesbordes.fr\/?page_id=1224"},"modified":"2026-03-30T18:39:17","modified_gmt":"2026-03-30T16:39:17","slug":"kimono-des-bordes","status":"publish","type":"page","link":"https:\/\/shetlandsdesbordes.fr\/?page_id=1224","title":{"rendered":"Kimono des Bordes"},"content":{"rendered":"\n<p><\/p>\n\n\n\n<p>Kimono est un magnifique poney hongre palomino, de taille standard. C&rsquo;est le fils de Paladin des Bordes et de Fleur bleue des Bordes (Sharptor Lithium Red)<br>Kimono est adorable, le d\u00e9bourrage a \u00e9t\u00e9 facile, il apprend tr\u00e8s vite, c&rsquo;est un plaisir de le monter ! Kimono est un poney vif, qui a de vrais qualit\u00e9s \u00e0 l&rsquo;obstacle.<br>Kimono est parti avec Merlin dans un poney-club en r\u00e9gion parisienne, nous lui souhaitons une belle carri\u00e8re sportive !<\/p>\n\n\n\n<p><\/p>\n\n\n\n<p><\/p>\n\n\n\n<figure class=\"wp-block-image size-full\"><img loading=\"lazy\" decoding=\"async\" width=\"841\" height=\"672\" src=\"http:\/\/shetlandsdesbordes.fr\/wp-content\/uploads\/2023\/01\/fleur-bleu-et-lanscolt.jpg\" alt=\"\" class=\"wp-image-1226\" srcset=\"https:\/\/shetlandsdesbordes.fr\/wp-content\/uploads\/2023\/01\/fleur-bleu-et-lanscolt.jpg 841w, https:\/\/shetlandsdesbordes.fr\/wp-content\/uploads\/2023\/01\/fleur-bleu-et-lanscolt-300x240.jpg 300w, https:\/\/shetlandsdesbordes.fr\/wp-content\/uploads\/2023\/01\/fleur-bleu-et-lanscolt-768x614.jpg 768w\" sizes=\"(max-width: 841px) 100vw, 841px\" \/><figcaption class=\"wp-element-caption\">Kimono poulain<\/figcaption><\/figure>\n\n\n\n<p><\/p>\n\n\n\n<p><\/p>\n\n\n\n<figure class=\"wp-block-image size-large\"><img loading=\"lazy\" decoding=\"async\" width=\"1024\" height=\"652\" src=\"http:\/\/shetlandsdesbordes.fr\/wp-content\/uploads\/2021\/04\/J-2-14-1024x652.jpg\" alt=\"\" class=\"wp-image-873\"\/><figcaption class=\"wp-element-caption\">Kimono \u00e0 la naissance<\/figcaption><\/figure>\n\n\n\n<p><\/p>\n\n\n\n<p><\/p>\n\n\n\n<figure class=\"wp-block-image size-large\"><img loading=\"lazy\" decoding=\"async\" width=\"950\" height=\"632\" src=\"http:\/\/shetlandsdesbordes.fr\/wp-content\/uploads\/2023\/06\/kimono-avril-22-4-950x632.jpg\" alt=\"\" class=\"wp-image-1442\"\/><figcaption class=\"wp-element-caption\">Kimono \u00e0 2 ans<\/figcaption><\/figure>\n\n\n\n<p><\/p>\n\n\n\n<figure class=\"wp-block-image size-full\"><img loading=\"lazy\" decoding=\"async\" width=\"387\" height=\"625\" src=\"https:\/\/shetlandsdesbordes.fr\/wp-content\/uploads\/2026\/02\/Design-sans-titre12.jpeg\" alt=\"\" class=\"wp-image-1794\" srcset=\"https:\/\/shetlandsdesbordes.fr\/wp-content\/uploads\/2026\/02\/Design-sans-titre12.jpeg 387w, https:\/\/shetlandsdesbordes.fr\/wp-content\/uploads\/2026\/02\/Design-sans-titre12-186x300.jpeg 186w\" sizes=\"(max-width: 387px) 100vw, 387px\" \/><\/figure>\n","protected":false},"excerpt":{"rendered":"<p>Kimono est un magnifique poney hongre palomino, de taille standard. C&rsquo;est le fils de Paladin des Bordes et de Fleur bleue des Bordes (Sharptor Lithium Red)Kimono est adorable, le d\u00e9bourrage a \u00e9t\u00e9 facile, il apprend tr\u00e8s vite, c&rsquo;est un plaisir <a class=\"more-link\" href=\"https:\/\/shetlandsdesbordes.fr\/?page_id=1224\">Lire plus &#8230;<\/a><\/p>\n","protected":false},"author":1,"featured_media":0,"parent":0,"menu_order":0,"comment_status":"closed","ping_status":"closed","template":"","meta":{"footnotes":""},"_links":{"self":[{"href":"https:\/\/shetlandsdesbordes.fr\/index.php?rest_route=\/wp\/v2\/pages\/1224"}],"collection":[{"href":"https:\/\/shetlandsdesbordes.fr\/index.php?rest_route=\/wp\/v2\/pages"}],"about":[{"href":"https:\/\/shetlandsdesbordes.fr\/index.php?rest_route=\/wp\/v2\/types\/page"}],"author":[{"embeddable":true,"href":"https:\/\/shetlandsdesbordes.fr\/index.php?rest_route=\/wp\/v2\/users\/1"}],"replies":[{"embeddable":true,"href":"https:\/\/shetlandsdesbordes.fr\/index.php?rest_route=%2Fwp%2Fv2%2Fcomments&post=1224"}],"version-history":[{"count":5,"href":"https:\/\/shetlandsdesbordes.fr\/index.php?rest_route=\/wp\/v2\/pages\/1224\/revisions"}],"predecessor-version":[{"id":1823,"href":"https:\/\/shetlandsdesbordes.fr\/index.php?rest_route=\/wp\/v2\/pages\/1224\/revisions\/1823"}],"wp:attachment":[{"href":"https:\/\/shetlandsdesbordes.fr\/index.php?rest_route=%2Fwp%2Fv2%2Fmedia&parent=1224"}],"curies":[{"name":"wp","href":"https:\/\/api.w.org\/{rel}","templated":true}]}}