{"id":1216,"date":"2023-01-25T20:12:39","date_gmt":"2023-01-25T19:12:39","guid":{"rendered":"http:\/\/shetlandsdesbordes.fr\/?page_id=1216"},"modified":"2024-04-26T00:43:48","modified_gmt":"2024-04-25T22:43:48","slug":"ulysse-des-bordes","status":"publish","type":"page","link":"https:\/\/shetlandsdesbordes.fr\/?page_id=1216","title":{"rendered":"Ulysse des Bordes"},"content":{"rendered":"\n<p><\/p>\n\n\n\n<p>Ulysse est un adorable poney gris toisant juste 100 cm. C&rsquo;est le fils de Paladin des Bordes et de Mina des Girards (Emir des Girards).<br>Ulysse est m\u00e9daille de bronze FSP en 2011, il est d\u00e9bourr\u00e9 sous la selle et surtout \u00e0 l&rsquo;attelage, sa discipline de pr\u00e9dilection, au vu de sa belle corpulence ! sa m\u00e8re \u00e9tait issu de l&rsquo;\u00e9levage des Girards, c\u00e9l\u00e8bre pour exceller dans cette discipline. <br>Ulysse est tr\u00e8s conforme aux standards de la race.<\/p>\n\n\n\n<p><\/p>\n\n\n\n<figure class=\"wp-block-image size-full\"><img loading=\"lazy\" decoding=\"async\" width=\"604\" height=\"529\" src=\"http:\/\/shetlandsdesbordes.fr\/wp-content\/uploads\/2023\/01\/1909485_1077435702403_3817_n.jpg\" alt=\"\" class=\"wp-image-1220\" srcset=\"https:\/\/shetlandsdesbordes.fr\/wp-content\/uploads\/2023\/01\/1909485_1077435702403_3817_n.jpg 604w, https:\/\/shetlandsdesbordes.fr\/wp-content\/uploads\/2023\/01\/1909485_1077435702403_3817_n-300x263.jpg 300w\" sizes=\"(max-width: 604px) 100vw, 604px\" \/><figcaption class=\"wp-element-caption\">Ulysse poulain<\/figcaption><\/figure>\n\n\n\n<figure class=\"wp-block-image size-large\"><img loading=\"lazy\" decoding=\"async\" width=\"1024\" height=\"703\" src=\"http:\/\/shetlandsdesbordes.fr\/wp-content\/uploads\/2023\/01\/ulysse-mai-2017-1024x703.jpg\" alt=\"\" class=\"wp-image-1193\"\/><figcaption class=\"wp-element-caption\">Ulysse sous la selle<\/figcaption><\/figure>\n\n\n\n<p><\/p>\n\n\n\n<figure class=\"wp-block-image size-full\"><img loading=\"lazy\" decoding=\"async\" width=\"896\" height=\"623\" src=\"http:\/\/shetlandsdesbordes.fr\/wp-content\/uploads\/2023\/01\/Ulysse-longues-renes-janv-16-10.jpg\" alt=\"\" class=\"wp-image-1219\" srcset=\"https:\/\/shetlandsdesbordes.fr\/wp-content\/uploads\/2023\/01\/Ulysse-longues-renes-janv-16-10.jpg 896w, https:\/\/shetlandsdesbordes.fr\/wp-content\/uploads\/2023\/01\/Ulysse-longues-renes-janv-16-10-300x209.jpg 300w, https:\/\/shetlandsdesbordes.fr\/wp-content\/uploads\/2023\/01\/Ulysse-longues-renes-janv-16-10-768x534.jpg 768w\" sizes=\"(max-width: 896px) 100vw, 896px\" \/><figcaption class=\"wp-element-caption\">Ulysse aux longues r\u00eanes <\/figcaption><\/figure>\n\n\n\n<p><\/p>\n\n\n\n<p><\/p>\n\n\n\n<figure class=\"wp-block-image size-full\"><img decoding=\"async\" src=\"http:\/\/shetlandsdesbordes.fr\/wp-content\/uploads\/2023\/01\/6705_10208671609413927_6359550462899686849_n.jpg\" alt=\"\" class=\"wp-image-1221\"\/><figcaption class=\"wp-element-caption\">Ulysse \u00e0 6 ans <\/figcaption><\/figure>\n\n\n\n<p><\/p>\n","protected":false},"excerpt":{"rendered":"<p>Ulysse est un adorable poney gris toisant juste 100 cm. C&rsquo;est le fils de Paladin des Bordes et de Mina des Girards (Emir des Girards).Ulysse est m\u00e9daille de bronze FSP en 2011, il est d\u00e9bourr\u00e9 sous la selle et surtout <a class=\"more-link\" href=\"https:\/\/shetlandsdesbordes.fr\/?page_id=1216\">Lire plus &#8230;<\/a><\/p>\n","protected":false},"author":1,"featured_media":0,"parent":29,"menu_order":0,"comment_status":"closed","ping_status":"closed","template":"","meta":{"footnotes":""},"_links":{"self":[{"href":"https:\/\/shetlandsdesbordes.fr\/index.php?rest_route=\/wp\/v2\/pages\/1216"}],"collection":[{"href":"https:\/\/shetlandsdesbordes.fr\/index.php?rest_route=\/wp\/v2\/pages"}],"about":[{"href":"https:\/\/shetlandsdesbordes.fr\/index.php?rest_route=\/wp\/v2\/types\/page"}],"author":[{"embeddable":true,"href":"https:\/\/shetlandsdesbordes.fr\/index.php?rest_route=\/wp\/v2\/users\/1"}],"replies":[{"embeddable":true,"href":"https:\/\/shetlandsdesbordes.fr\/index.php?rest_route=%2Fwp%2Fv2%2Fcomments&post=1216"}],"version-history":[{"count":2,"href":"https:\/\/shetlandsdesbordes.fr\/index.php?rest_route=\/wp\/v2\/pages\/1216\/revisions"}],"predecessor-version":[{"id":1541,"href":"https:\/\/shetlandsdesbordes.fr\/index.php?rest_route=\/wp\/v2\/pages\/1216\/revisions\/1541"}],"up":[{"embeddable":true,"href":"https:\/\/shetlandsdesbordes.fr\/index.php?rest_route=\/wp\/v2\/pages\/29"}],"wp:attachment":[{"href":"https:\/\/shetlandsdesbordes.fr\/index.php?rest_route=%2Fwp%2Fv2%2Fmedia&parent=1216"}],"curies":[{"name":"wp","href":"https:\/\/api.w.org\/{rel}","templated":true}]}}