{"id":12,"date":"2018-10-22T19:03:10","date_gmt":"2018-10-22T17:03:10","guid":{"rendered":"http:\/\/shetlandsdesbordes.fr\/?page_id=12"},"modified":"2023-01-24T19:27:53","modified_gmt":"2023-01-24T18:27:53","slug":"les-poneys","status":"publish","type":"page","link":"https:\/\/shetlandsdesbordes.fr\/?page_id=12","title":{"rendered":"Les poneys"},"content":{"rendered":"\n<p>vous trouverez plusieurs cat\u00e9gories : les poneys \u00e0 vendre, les poneys vendus, les \u00e9talons, les femelles, les hongres et les jeunes. <br>bonne visite !<\/p>\n","protected":false},"excerpt":{"rendered":"<p>vous trouverez plusieurs cat\u00e9gories : les poneys \u00e0 vendre, les poneys vendus, les \u00e9talons, les femelles, les hongres et les jeunes. bonne visite !<\/p>\n","protected":false},"author":1,"featured_media":0,"parent":0,"menu_order":0,"comment_status":"closed","ping_status":"closed","template":"","meta":{"footnotes":""},"_links":{"self":[{"href":"https:\/\/shetlandsdesbordes.fr\/index.php?rest_route=\/wp\/v2\/pages\/12"}],"collection":[{"href":"https:\/\/shetlandsdesbordes.fr\/index.php?rest_route=\/wp\/v2\/pages"}],"about":[{"href":"https:\/\/shetlandsdesbordes.fr\/index.php?rest_route=\/wp\/v2\/types\/page"}],"author":[{"embeddable":true,"href":"https:\/\/shetlandsdesbordes.fr\/index.php?rest_route=\/wp\/v2\/users\/1"}],"replies":[{"embeddable":true,"href":"https:\/\/shetlandsdesbordes.fr\/index.php?rest_route=%2Fwp%2Fv2%2Fcomments&post=12"}],"version-history":[{"count":3,"href":"https:\/\/shetlandsdesbordes.fr\/index.php?rest_route=\/wp\/v2\/pages\/12\/revisions"}],"predecessor-version":[{"id":1156,"href":"https:\/\/shetlandsdesbordes.fr\/index.php?rest_route=\/wp\/v2\/pages\/12\/revisions\/1156"}],"wp:attachment":[{"href":"https:\/\/shetlandsdesbordes.fr\/index.php?rest_route=%2Fwp%2Fv2%2Fmedia&parent=12"}],"curies":[{"name":"wp","href":"https:\/\/api.w.org\/{rel}","templated":true}]}}