{"id":1192,"date":"2023-01-25T19:07:26","date_gmt":"2023-01-25T18:07:26","guid":{"rendered":"http:\/\/shetlandsdesbordes.fr\/?page_id=1192"},"modified":"2023-05-03T13:07:08","modified_gmt":"2023-05-03T11:07:08","slug":"les-hongres","status":"publish","type":"page","link":"https:\/\/shetlandsdesbordes.fr\/?page_id=1192","title":{"rendered":"Pr\u00e9sentation des hongres"},"content":{"rendered":"\n<p><\/p>\n\n\n\n<p>Nous gardons quelques hongres \u00e0 l&rsquo;\u00e9levage, dont Flambeau qui est travaill\u00e9 et sorti en CSO<\/p>\n\n\n\n<p><a href=\"http:\/\/shetlandsdesbordes.fr\/?page_id=1216\" data-type=\"page\" data-id=\"1216\">Ulysse des Bordes<\/a><\/p>\n\n\n\n<p><a href=\"http:\/\/shetlandsdesbordes.fr\/?page_id=334\" data-type=\"page\" data-id=\"334\">Flambeau B des Bordes<\/a><\/p>\n\n\n\n<p><a href=\"http:\/\/shetlandsdesbordes.fr\/?page_id=1224\" data-type=\"page\" data-id=\"1224\">Kimono des Bordes<\/a><\/p>\n\n\n\n<p><a href=\"http:\/\/shetlandsdesbordes.fr\/?page_id=956\" data-type=\"page\" data-id=\"956\" target=\"_blank\" rel=\"noreferrer noopener\">Lancelot des Bordes<\/a><\/p>\n\n\n\n<p><\/p>\n\n\n\n<figure class=\"wp-block-image size-large\"><img decoding=\"async\" src=\"http:\/\/shetlandsdesbordes.fr\/wp-content\/uploads\/2022\/11\/lolo-first-ridden-30-Copie-767x1024.jpg\" alt=\"\" class=\"wp-image-1049\"\/><figcaption class=\"wp-element-caption\">Flambeau  \u00e0 Lamotte Beuvron 2022<\/figcaption><\/figure>\n\n\n\n<p><\/p>\n\n\n\n<figure class=\"wp-block-image size-large\"><img loading=\"lazy\" decoding=\"async\" width=\"1024\" height=\"683\" src=\"http:\/\/shetlandsdesbordes.fr\/wp-content\/uploads\/2022\/11\/cso-calypso-7JPG-1024x683.jpg\" alt=\"\" class=\"wp-image-1036\"\/><figcaption class=\"wp-element-caption\">Flambeau en CSO A2<\/figcaption><\/figure>\n\n\n\n<p><\/p>\n\n\n\n<figure class=\"wp-block-image size-large\"><img loading=\"lazy\" decoding=\"async\" width=\"690\" height=\"1024\" src=\"http:\/\/shetlandsdesbordes.fr\/wp-content\/uploads\/2021\/04\/Kimono-mars-2021-8-690x1024.jpg\" alt=\"Kimono \u00e0 1 an\" class=\"wp-image-864\"\/><figcaption class=\"wp-element-caption\">Kimono \u00e0 2 ans<\/figcaption><\/figure>\n\n\n\n<p><\/p>\n\n\n\n<figure class=\"wp-block-image size-large\"><img loading=\"lazy\" decoding=\"async\" width=\"1024\" height=\"703\" src=\"http:\/\/shetlandsdesbordes.fr\/wp-content\/uploads\/2023\/01\/ulysse-mai-2017-1024x703.jpg\" alt=\"\" class=\"wp-image-1193\"\/><figcaption class=\"wp-element-caption\">Ulysse \u00e0 6 ans<\/figcaption><\/figure>\n","protected":false},"excerpt":{"rendered":"<p>Nous gardons quelques hongres \u00e0 l&rsquo;\u00e9levage, dont Flambeau qui est travaill\u00e9 et sorti en CSO Ulysse des Bordes Flambeau B des Bordes Kimono des Bordes Lancelot des Bordes<\/p>\n","protected":false},"author":1,"featured_media":0,"parent":0,"menu_order":0,"comment_status":"closed","ping_status":"closed","template":"","meta":{"footnotes":""},"_links":{"self":[{"href":"https:\/\/shetlandsdesbordes.fr\/index.php?rest_route=\/wp\/v2\/pages\/1192"}],"collection":[{"href":"https:\/\/shetlandsdesbordes.fr\/index.php?rest_route=\/wp\/v2\/pages"}],"about":[{"href":"https:\/\/shetlandsdesbordes.fr\/index.php?rest_route=\/wp\/v2\/types\/page"}],"author":[{"embeddable":true,"href":"https:\/\/shetlandsdesbordes.fr\/index.php?rest_route=\/wp\/v2\/users\/1"}],"replies":[{"embeddable":true,"href":"https:\/\/shetlandsdesbordes.fr\/index.php?rest_route=%2Fwp%2Fv2%2Fcomments&post=1192"}],"version-history":[{"count":10,"href":"https:\/\/shetlandsdesbordes.fr\/index.php?rest_route=\/wp\/v2\/pages\/1192\/revisions"}],"predecessor-version":[{"id":1420,"href":"https:\/\/shetlandsdesbordes.fr\/index.php?rest_route=\/wp\/v2\/pages\/1192\/revisions\/1420"}],"wp:attachment":[{"href":"https:\/\/shetlandsdesbordes.fr\/index.php?rest_route=%2Fwp%2Fv2%2Fmedia&parent=1192"}],"curies":[{"name":"wp","href":"https:\/\/api.w.org\/{rel}","templated":true}]}}