{"id":109,"date":"2018-10-23T15:09:29","date_gmt":"2018-10-23T13:09:29","guid":{"rendered":"http:\/\/shetlandsdesbordes.fr\/?page_id=109"},"modified":"2023-01-31T20:21:28","modified_gmt":"2023-01-31T19:21:28","slug":"paladin-des-bordes","status":"publish","type":"page","link":"https:\/\/shetlandsdesbordes.fr\/?page_id=109","title":{"rendered":"Paladin des Bordes"},"content":{"rendered":"\n<p><\/p>\n\n\n\n<p>Magnifique \u00e9talon palomino, de classe 1, n\u00e9 en 2003.<br>C&rsquo;est le fils de Bibilolo de Villeneuve et de Enigme des pr\u00e8s de la chauss\u00e9e. <\/p>\n\n\n\n<p>Paladin poss\u00e8de beaucoup de chic et de prestance, il toise 105 cm. Il a de tr\u00e8s belles allures, un bon coup de saut, il est dress\u00e9 sous la selle et \u00e0 l&rsquo;attelage. Il est tr\u00e8s gentil et se g\u00e8re vraiment facilement, ce qui est plus qu&rsquo;appr\u00e9ciable pour un entier ! <\/p>\n\n\n\n<p>Paladin a obtenu une 3\u00e8me place au championnat de France FSP des \u00e9talons en 2010, avec une m\u00e9daille d&rsquo;argent, il a obtenu une note parfaite de 10\/10 aux TAN (tests d&rsquo;aptitudes naturelles)<\/p>\n\n\n\n<p>Son p\u00e8re est qualifi\u00e9 BON, sa m\u00e8re est qualifi\u00e9e EXCELLENT. Il est le propre fr\u00e8re de Tic Tac des Bordes, \u00e9talon performer qui a \u00e9t\u00e9 double finaliste \u00e0 Lamotte-Beuvron en CSO A1 en 2013 et 2014. Tic Tac a un IPO de 131 en 2013, ce qui est assez impressionnant pour un shetland ! <br>Il est \u00e9galement le propre fr\u00e8re de Diabolo des bordes, \u00e9talon performer en Bretagne qui remporte la section des m\u00e2les \u00e0 Landivisiau en 2022, et termine champion supr\u00eame r\u00e9serve, avec la mention TRES EXCELLENT. <br>Paladin est le p\u00e8re de Cupidon des Bordes qui est champion de France FSP des foals en 2012.<\/p>\n\n\n\n<div class=\"wp-block-group alignwide has-text-color\" style=\"color:#d129d1\"><div class=\"wp-block-group__inner-container is-layout-constrained wp-block-group-is-layout-constrained\">\n<h6 class=\"has-small-font-size wp-block-heading\" style=\"font-style:normal;font-weight:400\"><\/h6>\n<\/div><\/div>\n\n\n\n<figure class=\"wp-block-image\"><img loading=\"lazy\" decoding=\"async\" width=\"1024\" height=\"683\" src=\"http:\/\/shetlandsdesbordes.fr\/wp-content\/uploads\/2018\/10\/22.06-1-1-1024x683.jpg\" alt=\"\" class=\"wp-image-117\"\/><\/figure>\n\n\n\n<figure class=\"wp-block-image\"><img loading=\"lazy\" decoding=\"async\" width=\"683\" height=\"1024\" src=\"http:\/\/shetlandsdesbordes.fr\/wp-content\/uploads\/2018\/10\/22.06-6-1-683x1024.jpg\" alt=\"\" class=\"wp-image-119\"\/><\/figure>\n\n\n\n<figure class=\"wp-block-image size-large\"><img loading=\"lazy\" decoding=\"async\" width=\"831\" height=\"1024\" src=\"http:\/\/shetlandsdesbordes.fr\/wp-content\/uploads\/2020\/07\/IMG_9622-831x1024.jpg\" alt=\"\" class=\"wp-image-676\"\/><\/figure>\n\n\n\n<figure class=\"wp-block-image size-large\"><img loading=\"lazy\" decoding=\"async\" width=\"1024\" height=\"787\" src=\"http:\/\/shetlandsdesbordes.fr\/wp-content\/uploads\/2020\/07\/paladin-8-1024x787.jpg\" alt=\"\" class=\"wp-image-678\"\/><\/figure>\n\n\n\n<figure class=\"wp-block-image size-large\"><img loading=\"lazy\" decoding=\"async\" width=\"413\" height=\"600\" src=\"http:\/\/shetlandsdesbordes.fr\/wp-content\/uploads\/2020\/07\/paladin-fsp-1.jpg\" alt=\"\" class=\"wp-image-679\" srcset=\"https:\/\/shetlandsdesbordes.fr\/wp-content\/uploads\/2020\/07\/paladin-fsp-1.jpg 413w, https:\/\/shetlandsdesbordes.fr\/wp-content\/uploads\/2020\/07\/paladin-fsp-1-207x300.jpg 207w\" sizes=\"(max-width: 413px) 100vw, 413px\" \/><\/figure>\n\n\n\n<figure class=\"wp-block-image size-large\"><img loading=\"lazy\" decoding=\"async\" width=\"819\" height=\"543\" src=\"http:\/\/shetlandsdesbordes.fr\/wp-content\/uploads\/2020\/07\/poulains-2013.2.jpg\" alt=\"\" class=\"wp-image-680\" srcset=\"https:\/\/shetlandsdesbordes.fr\/wp-content\/uploads\/2020\/07\/poulains-2013.2.jpg 819w, https:\/\/shetlandsdesbordes.fr\/wp-content\/uploads\/2020\/07\/poulains-2013.2-300x199.jpg 300w, https:\/\/shetlandsdesbordes.fr\/wp-content\/uploads\/2020\/07\/poulains-2013.2-768x509.jpg 768w\" sizes=\"(max-width: 819px) 100vw, 819px\" \/><\/figure>\n\n\n\n<figure class=\"wp-block-image size-large\"><img loading=\"lazy\" decoding=\"async\" width=\"901\" height=\"768\" src=\"http:\/\/shetlandsdesbordes.fr\/wp-content\/uploads\/2020\/07\/paladin-fsp-5.jpg\" alt=\"\" class=\"wp-image-681\" srcset=\"https:\/\/shetlandsdesbordes.fr\/wp-content\/uploads\/2020\/07\/paladin-fsp-5.jpg 901w, https:\/\/shetlandsdesbordes.fr\/wp-content\/uploads\/2020\/07\/paladin-fsp-5-300x256.jpg 300w, https:\/\/shetlandsdesbordes.fr\/wp-content\/uploads\/2020\/07\/paladin-fsp-5-768x655.jpg 768w\" sizes=\"(max-width: 901px) 100vw, 901px\" \/><\/figure>\n\n\n\n<figure class=\"wp-block-image size-large\"><img loading=\"lazy\" decoding=\"async\" width=\"880\" height=\"1024\" src=\"http:\/\/shetlandsdesbordes.fr\/wp-content\/uploads\/2020\/07\/IMG_3785-880x1024.jpg\" alt=\"\" class=\"wp-image-682\"\/><figcaption class=\"wp-element-caption\">Paladin \u00e0 17 ans <br><\/figcaption><\/figure>\n","protected":false},"excerpt":{"rendered":"<p>Magnifique \u00e9talon palomino, de classe 1, n\u00e9 en 2003.C&rsquo;est le fils de Bibilolo de Villeneuve et de Enigme des pr\u00e8s de la chauss\u00e9e. Paladin poss\u00e8de beaucoup de chic et de prestance, il toise 105 cm. Il a de tr\u00e8s belles <a class=\"more-link\" href=\"https:\/\/shetlandsdesbordes.fr\/?page_id=109\">Lire plus &#8230;<\/a><\/p>\n","protected":false},"author":2,"featured_media":0,"parent":22,"menu_order":0,"comment_status":"closed","ping_status":"closed","template":"","meta":{"footnotes":""},"_links":{"self":[{"href":"https:\/\/shetlandsdesbordes.fr\/index.php?rest_route=\/wp\/v2\/pages\/109"}],"collection":[{"href":"https:\/\/shetlandsdesbordes.fr\/index.php?rest_route=\/wp\/v2\/pages"}],"about":[{"href":"https:\/\/shetlandsdesbordes.fr\/index.php?rest_route=\/wp\/v2\/types\/page"}],"author":[{"embeddable":true,"href":"https:\/\/shetlandsdesbordes.fr\/index.php?rest_route=\/wp\/v2\/users\/2"}],"replies":[{"embeddable":true,"href":"https:\/\/shetlandsdesbordes.fr\/index.php?rest_route=%2Fwp%2Fv2%2Fcomments&post=109"}],"version-history":[{"count":12,"href":"https:\/\/shetlandsdesbordes.fr\/index.php?rest_route=\/wp\/v2\/pages\/109\/revisions"}],"predecessor-version":[{"id":1372,"href":"https:\/\/shetlandsdesbordes.fr\/index.php?rest_route=\/wp\/v2\/pages\/109\/revisions\/1372"}],"up":[{"embeddable":true,"href":"https:\/\/shetlandsdesbordes.fr\/index.php?rest_route=\/wp\/v2\/pages\/22"}],"wp:attachment":[{"href":"https:\/\/shetlandsdesbordes.fr\/index.php?rest_route=%2Fwp%2Fv2%2Fmedia&parent=109"}],"curies":[{"name":"wp","href":"https:\/\/api.w.org\/{rel}","templated":true}]}}