{"id":10,"date":"2018-10-22T19:02:51","date_gmt":"2018-10-22T17:02:51","guid":{"rendered":"http:\/\/shetlandsdesbordes.fr\/?page_id=10"},"modified":"2026-03-11T20:35:42","modified_gmt":"2026-03-11T19:35:42","slug":"les-naissances","status":"publish","type":"page","link":"https:\/\/shetlandsdesbordes.fr\/?page_id=10","title":{"rendered":"Les naissances"},"content":{"rendered":"\n<p>L<strong>es naissances de 2025 :<\/strong><br>&#8211; <a href=\"https:\/\/shetlandsdesbordes.fr\/?page_id=1725\" data-type=\"page\" data-id=\"1725\">Paladine des Bordes<\/a> (Paladin des Bordes X Idylle des Bordes X Sharptor Lithium Red)<br>&#8211; <a href=\"https:\/\/shetlandsdesbordes.fr\/?page_id=1729\" data-type=\"page\" data-id=\"1729\">Peaceandlove des Bordes <\/a>(Jedi de M\u00e9ravilheta X Elloween des Bordes X Paladin des Bordes)<br>&#8211; <a href=\"https:\/\/shetlandsdesbordes.fr\/?page_id=1730\" data-type=\"page\" data-id=\"1730\">Perceval des Bordes <\/a>(Telwell du S\u00e2non X Fleur bleue des Bordes X Sharptor Lithium Red)<\/p>\n\n\n\n<p>L<strong>es naissances de 2024 :<\/strong><br>&#8211; <a href=\"https:\/\/shetlandsdesbordes.fr\/?page_id=1585\" data-type=\"page\" data-id=\"1585\">Oscar Wilde des Bordes <\/a>(Sharptor Lithium Red X Elloween des Bordes X Paladin des Bordes)<br>&#8211; <a href=\"https:\/\/shetlandsdesbordes.fr\/?page_id=31\" data-type=\"page\" data-id=\"31\">Olympe des Bordes<\/a> (Jedi de M\u00e9ravilheta X Ile Flottante des Bordes X Sharptor Lithium Red)<br>&#8211; <a href=\"https:\/\/shetlandsdesbordes.fr\/?page_id=1599\" data-type=\"page\" data-id=\"1599\">Orchid\u00e9e des Bordes<\/a> (Jedi de M\u00e9ravilheta X Fleur bleue des Bordes X Sharptor Lithium Red)<\/p>\n\n\n\n<p>L<strong>es naissances de 2023 :<\/strong><br>&#8211; <a href=\"http:\/\/shetlandsdesbordes.fr\/?page_id=1451\" data-type=\"page\" data-id=\"1451\">Nirvana des Bordes<\/a> (Sharptor Lithium Red X Elloween des Bordes X Paladin des Bordes)<br>&#8211; <a href=\"https:\/\/shetlandsdesbordes.fr\/?page_id=1601\" data-type=\"page\" data-id=\"1601\">Nougat des Bordes<\/a> (Jedi de M\u00e9ravilheta X Ile Flottante des Bordes X Sharptor Lithium Red)<br>&#8211; <a href=\"http:\/\/shetlandsdesbordes.fr\/?page_id=1459\" data-type=\"page\" data-id=\"1459\">N\u00e9nuphar des Bordes<\/a> (Jedi de M\u00e9ravilheta X Fleur bleue des Bordes X Sharptor Lithium Red)<br>&#8211; <a href=\"http:\/\/shetlandsdesbordes.fr\/?page_id=1457\" data-type=\"page\" data-id=\"1457\">Nerfetiti des Bordes<\/a> (Jedi de Meravilheta X Idylle des Bordes X Sharptor Lithium Red)<\/p>\n\n\n\n<p><strong>Les naissances de 2022 :<\/strong><br>&#8211; <a href=\"http:\/\/shetlandsdesbordes.fr\/?page_id=972\" data-type=\"page\" data-id=\"972\">Merlin des Bordes<\/a> (Sharptor Lithium Red X Utopie Commanderie X Max de Bois Guilbert)<br>&#8211; <a href=\"http:\/\/shetlandsdesbordes.fr\/?page_id=974\" data-type=\"page\" data-id=\"974\">Mojito des Bordes<\/a> (Chivas des Blanches X Ile Flottante des Bordes X Sharptor Lithium Red)<br>&#8211; <a href=\"http:\/\/shetlandsdesbordes.fr\/?page_id=978\" data-type=\"page\" data-id=\"978\">M\u00e9lodie des Bordes<\/a> (Sharptor Lithium Red X Elloween des Bordes X Paladin des Bordes)<br>&#8211; <a href=\"http:\/\/shetlandsdesbordes.fr\/?page_id=976\" data-type=\"page\" data-id=\"976\">Marjolain<\/a>e des Bordes (Artiste de Bellefiole X Idylle des Bordes X Sharptor Lithium Red)<\/p>\n\n\n\n<p><strong>Les naissances de 2021 :<\/strong><br>&#8211; <a href=\"http:\/\/shetlandsdesbordes.fr\/?page_id=962\" data-type=\"page\" data-id=\"962\">Lorelei des Bordes<\/a> (Sharptor Lithium Red X Elloween des Bordes X Paladin des Bordes)<br>&#8211; <a href=\"http:\/\/shetlandsdesbordes.fr\/?page_id=956\" data-type=\"page\" data-id=\"956\">Lancelot des Bordes<\/a> (Paladin des Bordes X Fleur Bleue des Bordes X Sharptor Lithium Red)<br>&#8211; <a href=\"http:\/\/shetlandsdesbordes.fr\/?page_id=965\" data-type=\"page\" data-id=\"965\">Lucifer des Bordes<\/a> (Sharptor Lithium Red X Utopie Commanderie X Max de Bois Guilbert)<br><\/p>\n\n\n\n<p><strong>Les naissances de 2020 :<br>&#8211; <\/strong><a href=\"http:\/\/shetlandsdesbordes.fr\/?page_id=10\" data-type=\"page\" data-id=\"10\">Karadoc des Bordes<\/a> (Sharptor Lithium Red X Rachna v&rsquo;t. Kampje X Leopold v.d Lienden)<br>&#8211; <a href=\"http:\/\/shetlandsdesbordes.fr\/?page_id=10\" data-type=\"page\" data-id=\"10\">Kalinka des Bordes<\/a> (Sharptor Lithium Red X Elloween des Bordes X Paladin des Bordes)<br>&#8211; <a href=\"http:\/\/shetlandsdesbordes.fr\/?page_id=1224\" data-type=\"page\" data-id=\"1224\">Kimono des Bordes<\/a> (Paladin des Bordes X Fleur Bleue des Bordes X Sharptor Lithium Red)<br><\/p>\n\n\n\n<p><strong>Les naissances de 2019 :<\/strong><br>&#8211; <a href=\"http:\/\/shetlandsdesbordes.fr\/?page_id=582\" data-type=\"page\" data-id=\"582\">Jusd&rsquo;pom des Bordes <\/a>(Sharptor Lithium Red X Elloween des Bordes X Paladin des Bordes)<br>&#8211; <a href=\"http:\/\/shetlandsdesbordes.fr\/?page_id=584\" data-type=\"page\" data-id=\"584\">Jolijumper des Bordes<\/a> (Sharptor Lithium Red X Linka de Cottard X Hose Personality)<br>&#8211; <a href=\"http:\/\/shetlandsdesbordes.fr\/?page_id=586\" data-type=\"page\" data-id=\"586\">Jolie M\u00f4me des Bordes&nbsp;<\/a> (Sharptor Lithium Red X Utopie Commanderie X Max de Bois Guilbert)<\/p>\n\n\n\n<p><strong>Les naissances de 2018 :<\/strong><br>&#8211; <a href=\"http:\/\/shetlandsdesbordes.fr\/?page_id=203\" data-type=\"page\" data-id=\"203\">Idylle des Bordes<\/a> (Sharptor Lithium Red X Rachna v\u2019t. Kampje X Leopold v. lienden)<br>&#8211; <a href=\"http:\/\/shetlandsdesbordes.fr\/?page_id=221\" data-type=\"page\" data-id=\"221\">Illico des Bordes<\/a> (Sharptor Lithium Red x Utopie Commanderie X Max de Bois Guilbert)<br>&#8211; <a href=\"http:\/\/shetlandsdesbordes.fr\/?page_id=235\" data-type=\"page\" data-id=\"235\">Ileflottante des Bordes<\/a> (Sharptor Lithium Red X Esmeralda des Bordes X Paladin des Bordes)<\/p>\n\n\n\n<p><strong>Les naissances de 2017 :<\/strong><br>&#8211; <a href=\"http:\/\/shetlandsdesbordes.fr\/?page_id=188\" data-type=\"page\" data-id=\"188\">Hey Jude des Bordes<\/a> (Diabolo des Bordes X Esm\u00e9ralda des Bordes X Paladin des Bordes)<br>&#8211; <a href=\"http:\/\/shetlandsdesbordes.fr\/?page_id=251\" data-type=\"page\" data-id=\"251\">Hernesto des Bordes<\/a> (Diabolo des Bordes X Rachna v&rsquo;t. Kampje X Leopold V. Lienden)<br>&#8211; <a href=\"http:\/\/shetlandsdesbordes.fr\/?page_id=198\" data-type=\"page\" data-id=\"198\">Hugoline des Bordes<\/a> (Diabolo des Bordes X Linka de Cottard X Hose Personality<\/p>\n\n\n\n<p><strong>Les naissances de 2016 :<\/strong><br>&#8211; <a href=\"http:\/\/shetlandsdesbordes.fr\/?page_id=279\" data-type=\"page\" data-id=\"279\">Gavroche des Bordes<\/a> (Sharptor Lithium Red X Utopie Commanderie X Max de Bois Guilbert)<br>&#8211; <a href=\"http:\/\/shetlandsdesbordes.fr\/?page_id=256\" data-type=\"page\" data-id=\"256\">Gravette des Bordes<\/a> (Sharptor Lithium Red X Amazone des Bordes X Paladin des Bordes)<br>&#8211; <a href=\"http:\/\/shetlandsdesbordes.fr\/?page_id=264\" data-type=\"page\" data-id=\"264\">Goldorac des Bordes<\/a> (Sharptor Lithium Red X Vanille des Bordes X Max de bois guilbert)<br>&#8211;<a href=\"http:\/\/shetlandsdesbordes.fr\/?page_id=1233\" data-type=\"page\" data-id=\"1233\"> Gatsby des Bordes<\/a> (Sharptor Lithium Red X Linka de Cottard X Hose Personality)<\/p>\n\n\n\n<p><strong>Les naissances de 2015 :<\/strong><br>&#8211; <a href=\"http:\/\/shetlandsdesbordes.fr\/?page_id=294\" data-type=\"page\" data-id=\"294\">Froufrou des Bordes<\/a> (Sharptor Lithium Red X Rachna v&rsquo;t. Kampje X Leopold van Lienden<br>&#8211; <a href=\"http:\/\/shetlandsdesbordes.fr\/?page_id=334\" data-type=\"page\" data-id=\"334\">Flambeau B des Bordes<\/a> (Sharptor Lithium Red X Nu\u00e9e bleue du S\u00e2non X Luckie Star du tr\u00e9gor)<br>&#8211; <a href=\"http:\/\/shetlandsdesbordes.fr\/?page_id=317\" data-type=\"page\" data-id=\"317\">Fox trot des Bordes<\/a> (Sharptor Lithium Red X Vanille des Bordes X Max de bois guilbert)<br>&nbsp;&#8211;<a href=\"http:\/\/shetlandsdesbordes.fr\/?page_id=1238\" data-type=\"page\" data-id=\"1238\">Funny des Bordes <\/a>(Sharptor Lithium Red X Amazone des Bordes X Paladin des Bordes)<br>&#8211; <a href=\"http:\/\/shetlandsdesbordes.fr\/?page_id=345\" data-type=\"page\" data-id=\"345\">Fiesta des Bordes<\/a> (Sharptor Lithium Red X Utopie Commanderie X Max de Bois Guilbert)<br>&#8211; <a href=\"http:\/\/shetlandsdesbordes.fr\/?page_id=171\" data-type=\"page\" data-id=\"171\">Fleur bleue des Bordes<\/a> (Sharptor Lithium Red X Janet de la Picherie X Volcan de la Clairi\u00e8re)<\/p>\n\n\n\n<p><strong>Les naissances de 2014 :<\/strong><br>&#8211; <a href=\"http:\/\/shetlandsdesbordes.fr\/?page_id=1235\" data-type=\"page\" data-id=\"1235\">Epep&rsquo;sa des Bordes<\/a> (Paladin des Bordes X Vanille des Bordes X Max de bois guilbert)<br>&#8211; <a href=\"http:\/\/shetlandsdesbordes.fr\/?page_id=1236\" data-type=\"page\" data-id=\"1236\">Ella Ell&rsquo;a des Bordes <\/a>(Paladin des Bordes X Janet de la Picherie X Volcan de la Clairi\u00e8re)<br>&#8211; <a href=\"http:\/\/shetlandsdesbordes.fr\/?page_id=150\" data-type=\"page\" data-id=\"150\">Elloween des Bordes<\/a> (Paladin des Bordes X Linka de Cottard X Hose Personality)<br>&#8211; <a href=\"http:\/\/shetlandsdesbordes.fr\/?page_id=518\" data-type=\"page\" data-id=\"518\">Esm\u00e9ralda des Bordes<\/a> (Paladin des Bordes X Rachna v&rsquo;t. Kampje X Leopold van Lienden)<br>&#8211; <a href=\"http:\/\/shetlandsdesbordes.fr\/les-poneys-a-vendre\/email-des-bordes\/\">E&rsquo;mail <\/a><a href=\"http:\/\/shetlandsdesbordes.fr\/?page_id=363\" data-type=\"page\" data-id=\"363\">des<\/a><a href=\"http:\/\/shetlandsdesbordes.fr\/les-poneys-a-vendre\/email-des-bordes\/\"> Bordes<\/a> (Paladin des Bordes X Arobase des Bordes X Sharptor Lithium Red)<br>&#8211; <a href=\"http:\/\/shetlandsdesbordes.fr\/?page_id=1237\" data-type=\"page\" data-id=\"1237\">Erasmus des Bordes<\/a> (Bibilolo de Villeneuve X Utopie Commanderie X Max de Bois Guilbert)<\/p>\n\n\n\n<p><strong>Les naissances de 2013 :<\/strong><br>&#8211; <a href=\"http:\/\/shetlandsdesbordes.fr\/?page_id=1242\" data-type=\"page\" data-id=\"1242\">D&rsquo;aillac des Bordes <\/a>(Paladin des Bordes X Rachna v&rsquo;t. Kampje X Leopold van Lienden)<br>&#8211; <a href=\"http:\/\/shetlandsdesbordes.fr\/?page_id=375\" data-type=\"page\" data-id=\"375\">Dauphine des Bordes<\/a> (Paladin des Bordes X Vanille des Bordes X max de bois guilbert)<br>&#8211; <a href=\"http:\/\/shetlandsdesbordes.fr\/?page_id=1239\" data-type=\"page\" data-id=\"1239\">Diabolo des Bordes<\/a> (Bibilolo de Villeneuve X Enigme des Pr\u00e8s de la chauss\u00e9e X Adagio de Villeneuve)<br>&#8211; <a href=\"http:\/\/shetlandsdesbordes.fr\/?page_id=1240\" data-type=\"page\" data-id=\"1240\">Dolce Vita des Bordes<\/a> (Paladin des Bordes X Linka de Cottard X Hose Personality)<br>&#8211; <a href=\"http:\/\/shetlandsdesbordes.fr\/?page_id=1241\" data-type=\"page\" data-id=\"1241\">Dragibus des Bordes<\/a> (Paladin des Bordes X Janet de la Picherie X Volcan de la Clairi\u00e8re)<\/p>\n\n\n\n<p><strong>Les naissances de 2012 :<\/strong><br>&#8211; Cacahou\u00e8te des Bordes (Paladin des Bordes X Utopie Commanderie X Max de bois guilbert)<br>&#8211; Calypso des Bordes (Paladin des Bordes X Rachna v&rsquo;t. Kampje X Leopold van Lienden)<br>&#8211; Caramel des Bordes (Paladin des Bordes X Mina des Girards X Emir des Girards)<br>&#8211; Cendrillon des Bordes (Paladin des Bordes X Linka de Cottard X Hose Personality)<br>&#8211; Causette des Bordes (Bibilolo de Villeneuve X Janet de la Picherie X Volcan de la Clairi\u00e8re)<br>&#8211; Cupidon des Bordes (Paladin des Bordes X Vanille des Bordes X max de bois guilbert)<\/p>\n\n\n\n<p><strong>Les naissances de 2011 :<\/strong><br>&#8211; Babichou des Bordes (Paladin des Bordes X Rachna v&rsquo;t. Kampje X Leopold van Lienden)<br>&#8211; Babouchka des Bordes (Paladin des Bordes X Mina des Girards X Emir des Girards)<br>&#8211; Bibilolo des Bordes (Raja de la Clairi\u00e8re X Enigme des Pr\u00e8s de la chauss\u00e9e X Adagio de Villeneuve)<br>&#8211; Black Pearl des Bordes (Punch d&rsquo;Incarville X Linka de Cottard X Hose Personality)<br>&#8211; Br\u00e8ves des Bordes (Raja de la Clair\u00e8re et Utopie Commanderie X Max de bois guilbert)<\/p>\n\n\n\n<p><strong>Les naissances de 2010 :<\/strong><br>&#8211; Aglagla des Bordes (Pinochio des Bordes X Mina des Girards X Emir des Girards)<br>&#8211; Amazone des Bordes (Paladin des Bordes X Janet de la Picherie X Volcan de la Clairi\u00e8re)<br>&#8211; <a href=\"http:\/\/shetlandsdesbordes.fr\/?page_id=1245\" data-type=\"page\" data-id=\"1245\">Arizona des Bordes<\/a> (Raja de la Clairi\u00e8re X Sonate des Bordes X Bibilolo de Villeneuve)<br>&#8211; At&rsquo;choum des Bordes (Paladin des Bordes X Ingrid des Bordes)<\/p>\n\n\n\n<p><strong>Les naissances de 2009 :<\/strong><br>&#8211; <a href=\"http:\/\/shetlandsdesbordes.fr\/?page_id=1246\" data-type=\"page\" data-id=\"1246\">Vanille des Bordes <\/a>(Max de Bois Guilbert X Janet de la Picherie X Volcan de la Clairi\u00e8re)<br>&#8211; V\u00e9nus des Bordes (Pinochio des Bordes X Mina des Girards X Emir des Girards)<br>&#8211; Verlan des Bordes (Bibilolo de Villeneuve X Enigme des Pr\u00e8s de la chauss\u00e9e X Adagio de Villeneuve)<\/p>\n\n\n\n<p><strong>Les naissances de 2008 :<\/strong><br>&#8211; Udine des Bordes (Bibilolo de Villeneuve X Enigme des Pr\u00e8s de la chauss\u00e9e X Adagio de Villeneuve)<br>&#8211; Ugolin des Bordes (Paladin des Bordes X Moon des Girards X Leo of Wiverley GB)<br>&#8211; <a href=\"http:\/\/shetlandsdesbordes.fr\/?page_id=1216\" data-type=\"page\" data-id=\"1216\">Ulysse des Bordes<\/a> (Paladin des Bordes X Mina des Girards X Emir des Giards)<br>&#8211; Ushua\u00efa des Bordes (Bibilolo de Villeneuve X Ingrid des Bordes)<\/p>\n\n\n\n<p><strong>Les naissances de 2007 :<\/strong><br>&#8211; <a href=\"http:\/\/shetlandsdesbordes.fr\/?page_id=1243\" data-type=\"page\" data-id=\"1243\">Tic Tac des Bordes<\/a> (Bibilolo de Villeneuve X Enigme des Pr\u00e8s de la chauss\u00e9e X Adagio de Villeneuve)<br>&#8211; Tornado des Bordes (Bibilolo de Villeneuve X Golden des Bordes)<br>&#8211; Topaze des Bordes (Bibilolo de Villeneuve X Ingrid des Bordes)<br>&#8211; Tro\u00efka des Bordes (Punch d&rsquo;Incarville X Moon des Girards X Leo of Wiverley GB)<\/p>\n\n\n\n<p><strong>Les naissances de 2006 :<\/strong><br>&#8211; <a href=\"http:\/\/shetlandsdesbordes.fr\/?page_id=1244\" data-type=\"page\" data-id=\"1244\">Sonate des Bordes <\/a>(Bibilolo de Villeneuve X Enigme des Pr\u00e8s de la chauss\u00e9e X Adagio de Villeneuve)<br>&#8211; Sornette des Bordes (Bibilolo de Villeneuve X Golden des Bordes)<br>&#8211; Snoopy des Bordes (Bibilolo de Villeneuve X Solonia Verbina X Irko V st Possenis)<br>&#8211; Scoubidou des Bordes (Bibilolo de Villeneuve X Solonia Cara Mia X Solonia Mars)<br>&#8211; Salsa des Bordes (Bibilolo de Villeneuve X Lubie des Bordes)<br>&#8211; Samba des Bordes (Bibilolo de Villeneuve X Rh\u00e9a de l&rsquo;Anerie X Sunny de bois guilbert)<br>&#8211; Saturnin des Bordes (Bibilolo de Villeneuve X Nina des Bordes)<br>&#8211; S\u00e9same des Bordes (Bibilolo de Villeneuve X Noisette des Bordes)<br>&#8211; Spartakus des Bordes (Bibilolo de Villeneuve X Ingrid des Bordes)<\/p>\n\n\n\n<p><strong>Les naissances de 2005 :<\/strong><br>&#8211; Roxanne des Bordes (Bibilolo de Villeneuve X Enigme des Pr\u00e8s de la chauss\u00e9e X Adagio de Villeneuve)<br>&#8211; Rafale des Bordes (Bibilolo de Villeneuve X Samba des Vanneux X N&rsquo;Sorrel of Houland)<br>&#8211; Rhapsodie des Bordes (Bibilolo de Villeneuve X Nina des Bordes)<br>&#8211; Robinson des Bordes (Bibilolo de Villeneuve X Lubie des Bordes)<br>&#8211; Ratafia des Bordes (Bibilolo de Villeneuve X Golden des Bordes)<\/p>\n\n\n\n<p><strong>Les naissances de 2004 :<\/strong><br>&#8211; Quil\u00e9bo des Bordes (Bibilolo de Villeneuve X Solonia Cara Mia X Solonia Mars)<br>&#8211; Quellebelle des Bordes (Bibilolo de Villeneuve X Kathy des Bordes)<br>&#8211; Quinola des Bordes (Bibilolo de Villeneuve X Enigme des Pr\u00e8s de la chauss\u00e9e X Adagio de Villeneuve)<br>&#8211; Quolibet des Bordes (Bibilolo de Villeneuve X Solonia Verbina X Irko V st Possenis)<br>&#8211; Queen Mary des Bordes (Bibilolo de Villeneuve X Samba des Vanneux X N&rsquo;Sorrel of Houland)<br>&#8211; Quenotte des Bordes (Bibilolo de Villeneuve X Rh\u00e9a de l&rsquo;Anerie X Sunny de bois guilbert)<br>&#8211; Quichenotte des Bordes (Bibilolo de Villeneuve X Ingrid des Bordes)<br>&#8211; Queeny des Bordes (Bibilolo de Villeneuve X Lubie des Bordes)<br>&#8211; Quoquette des Bordes (Bibilolo de Villeneuve X Golden des Bordes)<br>&#8211; Quasimodo des Bordes (Bibilolo de Villeneuve X No\u00e9mie des Bordes)<\/p>\n\n\n\n<p><strong>Les naissances de 2003 :<\/strong><br>&#8211; Pinochio des Bordes (Bibilolo de Villeneuve X Samba des Vanneux X N&rsquo;Sorrel of Houland)<br>&#8211; <a href=\"http:\/\/shetlandsdesbordes.fr\/?page_id=109\" data-type=\"page\" data-id=\"109\">Paladin des Bordes<\/a> (Bibilolo de Villeneuve X Enigme des Pr\u00e8s de la chauss\u00e9e X Adagio de Villeneuve)<br>&#8211; Pitchoune des Bordes (Bibilolo de Villeneuve X Solonia Verbina X Irko V st Possenis)<br>&#8211; Preugne des Bordes (Bibilolo de Villeneuve X Kathy des Bordes)<br>&#8211; P\u00e9pito des Bordes (Bibilolo de Villeneuve X Rh\u00e9a de l&rsquo;Anerie X Sunny de bois guilbert)<br>&#8211; Paquerette des Bordes (Bibilolo de Villeneuve X Lubie des Bordes)<br>&#8211; Popeye des Bordes (Bibilolo de Villeneuve X No\u00e9mie des Bordes)<\/p>\n\n\n\n<p><strong>Les naissances de 2002 :<\/strong><br>&#8211; Okilebo des Bordes (Bibilolo de Villeneuve X Solonia Cara Mia X Solonia Mars)<br>&#8211; Oc\u00e9anide des Bordes (Bibilolo de Villeneuve X Enigme des Pr\u00e8s de la chauss\u00e9e X Adagio de Villeneuve)<br>&#8211; Oscar des Bordes (Bibilolo de Villeneuve X Kathy des Bordes)<br>&#8211; Oliva des Bordes (Bibilolo de Villeneuve X Lubie des Bordes)<br>&#8211; Oph\u00e9lie des Bordes (Bibilolo de Villeneuve X Samba des Vanneux X N&rsquo;Sorrel of Houland)<br>&#8211; Olympe des Bordes (Bibilolo de Villeneuve X No\u00e9mie des Bordes)<br>&#8211; Ornicar des Bordes (Bibilolo de Villeneuve X Ingrid des Bordes)<br>&#8211; Orchid\u00e9e des Bordes (Bibilolo de Villeneuve X Solonia Verbina X Irko V st Possenis)<\/p>\n\n\n\n<p><strong>Les naissances de 2001 :<\/strong><br>&#8211; Pas de naissances, achat de Bibilolo en 2000 qui a sailli en 2001<\/p>\n\n\n\n<p><strong>Les naissances de 2000 :<\/strong><br>&#8211; Mexico des Bordes (Napo X Kathy des Bordes)<br>&#8211; Mustang des Bordes (Napo X Lubie des Bordes)<br>&#8211; Minime des Bordes (Napo X Solonia Cara Mia X Solonia Mars)<br>&#8211; Moka des Bordes (Napo X Solonia Verbina X Irko V st Possenis<\/p>\n","protected":false},"excerpt":{"rendered":"<p>Les naissances de 2025 :&#8211; Paladine des Bordes (Paladin des Bordes X Idylle des Bordes X Sharptor Lithium Red)&#8211; Peaceandlove des Bordes (Jedi de M\u00e9ravilheta X Elloween des Bordes X Paladin des Bordes)&#8211; Perceval des Bordes (Telwell du S\u00e2non X <a class=\"more-link\" href=\"https:\/\/shetlandsdesbordes.fr\/?page_id=10\">Lire plus &#8230;<\/a><\/p>\n","protected":false},"author":1,"featured_media":0,"parent":0,"menu_order":0,"comment_status":"closed","ping_status":"closed","template":"","meta":{"footnotes":""},"_links":{"self":[{"href":"https:\/\/shetlandsdesbordes.fr\/index.php?rest_route=\/wp\/v2\/pages\/10"}],"collection":[{"href":"https:\/\/shetlandsdesbordes.fr\/index.php?rest_route=\/wp\/v2\/pages"}],"about":[{"href":"https:\/\/shetlandsdesbordes.fr\/index.php?rest_route=\/wp\/v2\/types\/page"}],"author":[{"embeddable":true,"href":"https:\/\/shetlandsdesbordes.fr\/index.php?rest_route=\/wp\/v2\/users\/1"}],"replies":[{"embeddable":true,"href":"https:\/\/shetlandsdesbordes.fr\/index.php?rest_route=%2Fwp%2Fv2%2Fcomments&post=10"}],"version-history":[{"count":64,"href":"https:\/\/shetlandsdesbordes.fr\/index.php?rest_route=\/wp\/v2\/pages\/10\/revisions"}],"predecessor-version":[{"id":1813,"href":"https:\/\/shetlandsdesbordes.fr\/index.php?rest_route=\/wp\/v2\/pages\/10\/revisions\/1813"}],"wp:attachment":[{"href":"https:\/\/shetlandsdesbordes.fr\/index.php?rest_route=%2Fwp%2Fv2%2Fmedia&parent=10"}],"curies":[{"name":"wp","href":"https:\/\/api.w.org\/{rel}","templated":true}]}}